{"id":288,"date":"2017-05-16T18:13:42","date_gmt":"2017-05-16T18:13:42","guid":{"rendered":"http:\/\/pianopiano-studio.com\/arquitectas\/"},"modified":"2026-02-20T15:54:39","modified_gmt":"2026-02-20T15:54:39","slug":"architects","status":"publish","type":"page","link":"https:\/\/pianopiano-studio.com\/en\/architects\/","title":{"rendered":"Architects"},"content":{"rendered":"<h2>We architects<\/h2>\n<p data-start=\"138\" data-end=\"256\">Hello! We are Maria Donnini and Maria Grifo, the architects who founded Piano Piano, our studio in Valencia in 2016.<\/p>\n<p data-start=\"258\" data-end=\"450\">We work on <a href=\"https:\/\/pianopiano-studio.com\/en\/proyectos\/new-construction\/\">new-build projects<\/a>, renovations, and <a href=\"https:\/\/pianopiano-studio.com\/en\/proyectos\/rehabilitation\/\">rehabilitations projects<\/a> of public and private spaces, mostly focused on the residential field, as well as interventions in the landscape and the city.<\/p>\n<p data-start=\"452\" data-end=\"672\">In our projects, we manage scale in its different dimensions: as a piece that leaves a mark on the context in which it is located, while paying special attention to construction details, crafted down to the millimeter.<\/p>\n<p data-start=\"674\" data-end=\"987\">We accompany our clients throughout the entire design process, taking their needs and wishes into account. We carefully and thoughtfully define each space and oversee the construction to ensure that the final result faithfully reflects the design and the expectations of those who place their trust in our work.<\/p>\n<p data-start=\"1237\" data-end=\"1935\">In our bespoke architecture projects, we seek to root ourselves in a specific place and time, placing special emphasis on the people who will inhabit the spaces and on respect for the surrounding environment. We care for the process from beginning to end, from an initial introductory meeting to the moment the project is ready to enter the construction phase, with total, constant and coherent involvement to ensure that everything developed is properly executed. For us, it is essential to create an atmosphere of trust between the architects, the rest of the technical team, the client and the construction company, actively participating in all phases to guarantee coherence and strong results.<\/p>\n<p data-start=\"1937\" data-end=\"2350\" data-is-last-node=\"\" data-is-only-node=\"\">We pay close attention to the needs of those who will inhabit the spaces, carefully analyse the site where the projects are located, and develop them using the most appropriate and locally sourced materials, according to the available budget and resources. We want our architecture to be like a ray of sunshine on a gloomy day: playful yet rigorous, contributing to the creation of beautiful and welcoming places.<\/p>\n<p data-start=\"989\" data-end=\"1025\">Piano Piano has also included:<\/p>\n<p data-start=\"1029\" data-end=\"1055\">Adri\u00e1n Ripoll, architect<\/p>\n<p data-start=\"1058\" data-end=\"1085\">Paula Cerver\u00f3n, architect<\/p>\n<p data-start=\"1088\" data-end=\"1127\">Maria Luz G\u00f3mez, architecture student<\/p>\n<p data-start=\"1130\" data-end=\"1167\">Tatiana Perea, architecture student<\/p>\n<p data-start=\"1170\" data-end=\"1204\">Elif Lahor, architecture student<\/p>\n<p>Photography by <a style=\"color: #000000;\" href=\"http:\/\/milenavillalba.com\/\" target=\"_blank\" rel=\"noopener\">Milena Villalba<\/a><\/p>\n<h2>Works, projects and competitions<\/h2>\n<p><strong>2025<\/strong><\/p>\n<p data-start=\"76\" data-end=\"129\"><a href=\"https:\/\/pianopiano-studio.com\/en\/proyecto\/el-desfile-de-la-puri\/\">El desfile de la puri<\/a>. Housing renovation. Valencia<\/p>\n<p data-start=\"131\" data-end=\"199\"><a href=\"https:\/\/pianopiano-studio.com\/en\/proyecto\/botanic-2-0\/\">Bot\u00e0nic 2.0<\/a>. Interior and furniture proposal. El Bot\u00e0nic, Valencia<\/p>\n<p data-start=\"201\" data-end=\"266\"><a href=\"https:\/\/pianopiano-studio.com\/en\/proyecto\/la-reticula-salpicada\/\">La ret\u00edcula salpicada<\/a>. Housing renovation. L\u2019Eixample, Valencia<\/p>\n<p data-start=\"268\" data-end=\"317\"><em>In progress<\/em>. Construction of a house in Alfafar<\/p>\n<p data-start=\"319\" data-end=\"372\"><em>In progress.<\/em> Construction of a house in El Cabanyal<\/p>\n<p data-start=\"374\" data-end=\"422\"><em>In progress<\/em>. Construction of a house in Cheste<\/p>\n<p data-start=\"424\" data-end=\"479\"><em>In progress.<\/em> Rehabilitation of a farmhouse in Meliana<\/p>\n<p data-start=\"481\" data-end=\"539\"><em>In progress.<\/em> Four-dwelling building in Nazaret, Valencia<\/p>\n<p data-start=\"541\" data-end=\"594\"><em>In progress.<\/em> Housing renovation. En Corts, Valencia<\/p>\n<p data-start=\"596\" data-end=\"658\"><em>In progress.<\/em> Construction of a house in Castell\u00f3 de la Plana<\/p>\n<p data-start=\"660\" data-end=\"708\"><em>In progress.<\/em> Construction of a house in Ll\u00edria<\/p>\n<p data-start=\"710\" data-end=\"859\"><a href=\"https:\/\/pianopiano-studio.com\/en\/proyecto\/romeria-de-tot-lany\/\">Romeria de tot l\u2019any<\/a>. Competition. Proposal for the natural surroundings of l\u2019Ermita de Sant Antoni. Betx\u00ed. Together with MHA Arquitectura. Mention<\/p>\n<p data-start=\"862\" data-end=\"868\"><strong>2024<\/strong><\/p>\n<p data-start=\"870\" data-end=\"904\">Construction of a house in Foios. <a href=\"https:\/\/pianopiano-studio.com\/en\/proyecto\/foios-valencia\/\">La casa del cant\u00f3<\/a>.<\/p>\n<p data-start=\"906\" data-end=\"944\">Construction of a house in Fortaleny<\/p>\n<p data-start=\"946\" data-end=\"1101\"><a href=\"https:\/\/pianopiano-studio.com\/en\/proyecto\/el-camino-de-la-almazara\/\">El camino de la almazara<\/a>. Recovery of an oil mill\u2013washhouse and its natural surroundings. La Artejuela, Ara\u00f1uel. Together with Carpe and MHA Arquitectura<\/p>\n<p data-start=\"1103\" data-end=\"1203\">Tel\u00f3n de fondo. Competition. Community center and auditorium. Biar. Together with MHA Arquitectura<\/p>\n<p data-start=\"1205\" data-end=\"1328\">Les passeres del riu. Competition. Recovery of the memory of the Riu Sec. Betx\u00ed. Together with Carpe and MHA Arquitectura<\/p>\n<p data-start=\"1330\" data-end=\"1392\">Salut i color. Competition. Health center in Alaior, Menorca<\/p>\n<p data-start=\"1395\" data-end=\"1401\"><strong>2023<\/strong><\/p>\n<p data-start=\"1403\" data-end=\"1458\">Adaptation of the <a href=\"https:\/\/pianopiano-studio.com\/en\/proyecto\/sede-de-la-policia-local-de-castello\/\">local police headquarters, Castell\u00f3<\/a><\/p>\n<p data-start=\"1460\" data-end=\"1507\"><a href=\"https:\/\/pianopiano-studio.com\/en\/proyecto\/casa-patio-casa-patio\/\">Casa patio casa patio<\/a>. Housing rehabilitation<\/p>\n<p data-start=\"1509\" data-end=\"1563\"><a href=\"https:\/\/pianopiano-studio.com\/en\/proyecto\/casa-3-en-1\/\">Casa 3 en 1<\/a>. Housing renovation. Velluters, Valencia<\/p>\n<p data-start=\"1565\" data-end=\"1633\"><a href=\"https:\/\/pianopiano-studio.com\/en\/proyecto\/laserpientedelbotanic\/\">La serpiente del Bot\u00e0nic<\/a>. Housing renovation. El Bot\u00e0nic, Valencia<\/p>\n<p data-start=\"1636\" data-end=\"1642\"><strong>2022<\/strong><\/p>\n<p data-start=\"1644\" data-end=\"1735\">Les pinyes del Cabanyal. Rehabilitation of a two-dwelling building. El Cabanyal, Valencia<\/p>\n<p data-start=\"1737\" data-end=\"1871\">Traces i Petjades. Espai Dones i Igualtat Competition. Together with Carpe, MHA Arquitectura and Manu Monteagudo. El Carme, Valencia<\/p>\n<p data-start=\"1873\" data-end=\"1938\"><a href=\"https:\/\/pianopiano-studio.com\/en\/proyecto\/casa-en-espina-de-pez\/\">Casa en espina de pez<\/a>. Housing renovation. L\u2019Eixample, Valencia<\/p>\n<p data-start=\"1941\" data-end=\"1947\"><strong>2021<\/strong><\/p>\n<p data-start=\"1949\" data-end=\"2012\"><a href=\"https:\/\/pianopiano-studio.com\/en\/proyecto\/la-volteta-del-carmen\/\">La volteta del Carmen<\/a>. Housing renovation. El Carme, Valencia<\/p>\n<p data-start=\"2014\" data-end=\"2078\"><a href=\"https:\/\/pianopiano-studio.com\/en\/proyecto\/foios-valencia\/\">La casa del cant\u00f3<\/a>. Construction of a single-family home. Foios<\/p>\n<p data-start=\"2080\" data-end=\"2141\"><a href=\"https:\/\/pianopiano-studio.com\/en\/proyecto\/casa-de-recortes-y-fragmentos\/\">Casa de recortes y fragmentos<\/a>. Housing renovation. Valencia<\/p>\n<p data-start=\"2143\" data-end=\"2208\"><a href=\"https:\/\/pianopiano-studio.com\/en\/proyecto\/el-octogono-de-pelayo\/\">El oct\u00f3gono de Pelayo<\/a>. Housing renovation. La Roqueta, Valencia<\/p>\n<p data-start=\"2210\" data-end=\"2294\"><a href=\"https:\/\/pianopiano-studio.com\/en\/proyecto\/altillo-en-sueca\/\">Altillo en Sueca<\/a>. Housing renovation in a multi-family building. Russafa, Valencia<\/p>\n<p data-start=\"2296\" data-end=\"2345\"><a href=\"https:\/\/pianopiano-studio.com\/en\/proyecto\/de-la-placa-al-palau\/\">De la Pla\u00e7a al Palau<\/a>. Housing renovation. Betx\u00ed<\/p>\n<p data-start=\"2347\" data-end=\"2395\">La casa festejadora. Housing renovation. Betx\u00ed<\/p>\n<p data-start=\"2397\" data-end=\"2464\"><a href=\"https:\/\/pianopiano-studio.com\/en\/proyecto\/1434\/\">Casa de doce pilares<\/a>. Construction of a single-family home. Foios<\/p>\n<p data-start=\"2466\" data-end=\"2553\">Rehabilitation and extension of the Foios Town Hall. Competition. Together with Carpe<\/p>\n<p data-start=\"2555\" data-end=\"2624\">Preliminary project for a Day Center. Castell\u00f3. Together with Carpe<\/p>\n<p data-start=\"2627\" data-end=\"2633\"><strong>2020<\/strong><\/p>\n<p data-start=\"2635\" data-end=\"2728\">Ciudad Contexto. Digital project. Together with Carpe and Silvia Puerto. ciudadcontexto.com<\/p>\n<p data-start=\"2731\" data-end=\"2737\"><strong>2019<\/strong><\/p>\n<p data-start=\"2739\" data-end=\"2814\"><a href=\"https:\/\/pianopiano-studio.com\/en\/proyecto\/aneta-sound\/\">Aneta Sound<\/a>. Renovation of premises for a sound studio. Orriols, Valencia<\/p>\n<p data-start=\"2816\" data-end=\"2888\"><a href=\"https:\/\/pianopiano-studio.com\/en\/proyecto\/la-excusa-de-tomar-el-te\/\">La excusa de tomar el t\u00e9<\/a>. Rehabilitation of a house. Russafa, Valencia<\/p>\n<p data-start=\"2890\" data-end=\"3007\">Escriptori Urb\u00e0. Competition. Proposal for the remodeling of Pla\u00e7a Major in Borriana, Castell\u00f3. Together with Carpe<\/p>\n<p data-start=\"3010\" data-end=\"3016\"><strong>2018<\/strong><\/p>\n<p data-start=\"3018\" data-end=\"3103\"><a href=\"https:\/\/pianopiano-studio.com\/en\/proyecto\/espacio-de-bienestar\/\">Espacio de bienestar.<\/a> Renovation of premises for a beauty center. Russafa, Valencia<\/p>\n<p data-start=\"3105\" data-end=\"3162\"><a href=\"https:\/\/pianopiano-studio.com\/en\/proyecto\/vila-barbera\/\">Vila Barber\u00e0<\/a>. Housing renovation. Arrancapins, Valencia<\/p>\n<p data-start=\"3164\" data-end=\"3267\">BIB Villaverde. Competition. Proposal for a library. Madrid. Together with Carpe and Crux Arquitectos<\/p>\n<p data-start=\"3269\" data-end=\"3384\">El agua fluye de este a oeste. Competition. Proposal for the remodeling of Pla\u00e7a dels Xorros. La Font d\u2019en Carr\u00f2s<\/p>\n<p data-start=\"3386\" data-end=\"3549\">New healthcare complex \u201cErnest Lluch\u201d (former La Fe Hospital). Competition. Valencia. Together with Sogo Arquitectos, Jos\u00e9 Olag\u00fce, Gerardo Solera and Luis Gimeno<\/p>\n","protected":false},"excerpt":{"rendered":"<p>We architects Hello! We are Maria Donnini and Maria Grifo, the architects who founded Piano Piano, our studio in Valencia &hellip; <a href=\"https:\/\/pianopiano-studio.com\/en\/architects\/\">Continued<\/a><\/p>\n","protected":false},"author":1,"featured_media":5596,"parent":0,"menu_order":0,"comment_status":"closed","ping_status":"closed","template":"template-arquitectas.php","meta":{"_acf_changed":false,"footnotes":""},"class_list":["post-288","page","type-page","status-publish","has-post-thumbnail","hentry"],"acf":[],"yoast_head":"<!-- This site is optimized with the Yoast SEO plugin v27.4 - https:\/\/yoast.com\/product\/yoast-seo-wordpress\/ -->\n<title>Architects of Piano Piano Studio - Piano Piano Studio<\/title>\n<meta name=\"description\" content=\"At Piano Piano Studio we work on architecture projects with identity and sensitivity.\" \/>\n<meta name=\"robots\" content=\"index, follow, max-snippet:-1, max-image-preview:large, max-video-preview:-1\" \/>\n<link rel=\"canonical\" href=\"https:\/\/pianopiano-studio.com\/en\/architects\/\" \/>\n<meta property=\"og:locale\" content=\"en_US\" \/>\n<meta property=\"og:type\" content=\"article\" \/>\n<meta property=\"og:title\" content=\"Architects of Piano Piano Studio - Piano Piano Studio\" \/>\n<meta property=\"og:description\" content=\"At Piano Piano Studio we work on architecture projects with identity and sensitivity.\" \/>\n<meta property=\"og:url\" content=\"https:\/\/pianopiano-studio.com\/en\/architects\/\" \/>\n<meta property=\"og:site_name\" content=\"Pianopiano\" \/>\n<meta property=\"article:modified_time\" content=\"2026-02-20T15:54:39+00:00\" \/>\n<meta property=\"og:image\" content=\"https:\/\/pianopiano-studio.com\/wp-content\/uploads\/arquitectas-Valencia-pianopiano-1.jpg\" \/>\n\t<meta property=\"og:image:width\" content=\"2000\" \/>\n\t<meta property=\"og:image:height\" content=\"1600\" \/>\n\t<meta property=\"og:image:type\" content=\"image\/jpeg\" \/>\n<meta name=\"twitter:card\" content=\"summary_large_image\" \/>\n<meta name=\"twitter:label1\" content=\"Est. reading time\" \/>\n\t<meta name=\"twitter:data1\" content=\"4 minutes\" \/>\n<script type=\"application\/ld+json\" class=\"yoast-schema-graph\">{\"@context\":\"https:\\\/\\\/schema.org\",\"@graph\":[{\"@type\":\"WebPage\",\"@id\":\"https:\\\/\\\/pianopiano-studio.com\\\/en\\\/architects\\\/\",\"url\":\"https:\\\/\\\/pianopiano-studio.com\\\/en\\\/architects\\\/\",\"name\":\"Architects of Piano Piano Studio - Piano Piano Studio\",\"isPartOf\":{\"@id\":\"https:\\\/\\\/pianopiano-studio.com\\\/#website\"},\"primaryImageOfPage\":{\"@id\":\"https:\\\/\\\/pianopiano-studio.com\\\/en\\\/architects\\\/#primaryimage\"},\"image\":{\"@id\":\"https:\\\/\\\/pianopiano-studio.com\\\/en\\\/architects\\\/#primaryimage\"},\"thumbnailUrl\":\"https:\\\/\\\/pianopiano-studio.com\\\/wp-content\\\/uploads\\\/arquitectas-Valencia-pianopiano-1.jpg\",\"datePublished\":\"2017-05-16T18:13:42+00:00\",\"dateModified\":\"2026-02-20T15:54:39+00:00\",\"description\":\"At Piano Piano Studio we work on architecture projects with identity and sensitivity.\",\"breadcrumb\":{\"@id\":\"https:\\\/\\\/pianopiano-studio.com\\\/en\\\/architects\\\/#breadcrumb\"},\"inLanguage\":\"en-US\",\"potentialAction\":[{\"@type\":\"ReadAction\",\"target\":[\"https:\\\/\\\/pianopiano-studio.com\\\/en\\\/architects\\\/\"]}]},{\"@type\":\"ImageObject\",\"inLanguage\":\"en-US\",\"@id\":\"https:\\\/\\\/pianopiano-studio.com\\\/en\\\/architects\\\/#primaryimage\",\"url\":\"https:\\\/\\\/pianopiano-studio.com\\\/wp-content\\\/uploads\\\/arquitectas-Valencia-pianopiano-1.jpg\",\"contentUrl\":\"https:\\\/\\\/pianopiano-studio.com\\\/wp-content\\\/uploads\\\/arquitectas-Valencia-pianopiano-1.jpg\",\"width\":2000,\"height\":1600},{\"@type\":\"BreadcrumbList\",\"@id\":\"https:\\\/\\\/pianopiano-studio.com\\\/en\\\/architects\\\/#breadcrumb\",\"itemListElement\":[{\"@type\":\"ListItem\",\"position\":1,\"name\":\"Home\",\"item\":\"https:\\\/\\\/pianopiano-studio.com\\\/en\\\/\"},{\"@type\":\"ListItem\",\"position\":2,\"name\":\"Architects\"}]},{\"@type\":\"WebSite\",\"@id\":\"https:\\\/\\\/pianopiano-studio.com\\\/#website\",\"url\":\"https:\\\/\\\/pianopiano-studio.com\\\/\",\"name\":\"Pianopiano\",\"description\":\"Estudio de arquitectas\",\"potentialAction\":[{\"@type\":\"SearchAction\",\"target\":{\"@type\":\"EntryPoint\",\"urlTemplate\":\"https:\\\/\\\/pianopiano-studio.com\\\/?s={search_term_string}\"},\"query-input\":{\"@type\":\"PropertyValueSpecification\",\"valueRequired\":true,\"valueName\":\"search_term_string\"}}],\"inLanguage\":\"en-US\"}]}<\/script>\n<!-- \/ Yoast SEO plugin. -->","yoast_head_json":{"title":"Architects of Piano Piano Studio - Piano Piano Studio","description":"At Piano Piano Studio we work on architecture projects with identity and sensitivity.","robots":{"index":"index","follow":"follow","max-snippet":"max-snippet:-1","max-image-preview":"max-image-preview:large","max-video-preview":"max-video-preview:-1"},"canonical":"https:\/\/pianopiano-studio.com\/en\/architects\/","og_locale":"en_US","og_type":"article","og_title":"Architects of Piano Piano Studio - Piano Piano Studio","og_description":"At Piano Piano Studio we work on architecture projects with identity and sensitivity.","og_url":"https:\/\/pianopiano-studio.com\/en\/architects\/","og_site_name":"Pianopiano","article_modified_time":"2026-02-20T15:54:39+00:00","og_image":[{"width":2000,"height":1600,"url":"https:\/\/pianopiano-studio.com\/wp-content\/uploads\/arquitectas-Valencia-pianopiano-1.jpg","type":"image\/jpeg"}],"twitter_card":"summary_large_image","twitter_misc":{"Est. reading time":"4 minutes"},"schema":{"@context":"https:\/\/schema.org","@graph":[{"@type":"WebPage","@id":"https:\/\/pianopiano-studio.com\/en\/architects\/","url":"https:\/\/pianopiano-studio.com\/en\/architects\/","name":"Architects of Piano Piano Studio - Piano Piano Studio","isPartOf":{"@id":"https:\/\/pianopiano-studio.com\/#website"},"primaryImageOfPage":{"@id":"https:\/\/pianopiano-studio.com\/en\/architects\/#primaryimage"},"image":{"@id":"https:\/\/pianopiano-studio.com\/en\/architects\/#primaryimage"},"thumbnailUrl":"https:\/\/pianopiano-studio.com\/wp-content\/uploads\/arquitectas-Valencia-pianopiano-1.jpg","datePublished":"2017-05-16T18:13:42+00:00","dateModified":"2026-02-20T15:54:39+00:00","description":"At Piano Piano Studio we work on architecture projects with identity and sensitivity.","breadcrumb":{"@id":"https:\/\/pianopiano-studio.com\/en\/architects\/#breadcrumb"},"inLanguage":"en-US","potentialAction":[{"@type":"ReadAction","target":["https:\/\/pianopiano-studio.com\/en\/architects\/"]}]},{"@type":"ImageObject","inLanguage":"en-US","@id":"https:\/\/pianopiano-studio.com\/en\/architects\/#primaryimage","url":"https:\/\/pianopiano-studio.com\/wp-content\/uploads\/arquitectas-Valencia-pianopiano-1.jpg","contentUrl":"https:\/\/pianopiano-studio.com\/wp-content\/uploads\/arquitectas-Valencia-pianopiano-1.jpg","width":2000,"height":1600},{"@type":"BreadcrumbList","@id":"https:\/\/pianopiano-studio.com\/en\/architects\/#breadcrumb","itemListElement":[{"@type":"ListItem","position":1,"name":"Home","item":"https:\/\/pianopiano-studio.com\/en\/"},{"@type":"ListItem","position":2,"name":"Architects"}]},{"@type":"WebSite","@id":"https:\/\/pianopiano-studio.com\/#website","url":"https:\/\/pianopiano-studio.com\/","name":"Pianopiano","description":"Estudio de arquitectas","potentialAction":[{"@type":"SearchAction","target":{"@type":"EntryPoint","urlTemplate":"https:\/\/pianopiano-studio.com\/?s={search_term_string}"},"query-input":{"@type":"PropertyValueSpecification","valueRequired":true,"valueName":"search_term_string"}}],"inLanguage":"en-US"}]}},"_links":{"self":[{"href":"https:\/\/pianopiano-studio.com\/en\/wp-json\/wp\/v2\/pages\/288","targetHints":{"allow":["GET"]}}],"collection":[{"href":"https:\/\/pianopiano-studio.com\/en\/wp-json\/wp\/v2\/pages"}],"about":[{"href":"https:\/\/pianopiano-studio.com\/en\/wp-json\/wp\/v2\/types\/page"}],"author":[{"embeddable":true,"href":"https:\/\/pianopiano-studio.com\/en\/wp-json\/wp\/v2\/users\/1"}],"replies":[{"embeddable":true,"href":"https:\/\/pianopiano-studio.com\/en\/wp-json\/wp\/v2\/comments?post=288"}],"version-history":[{"count":17,"href":"https:\/\/pianopiano-studio.com\/en\/wp-json\/wp\/v2\/pages\/288\/revisions"}],"predecessor-version":[{"id":6132,"href":"https:\/\/pianopiano-studio.com\/en\/wp-json\/wp\/v2\/pages\/288\/revisions\/6132"}],"wp:featuredmedia":[{"embeddable":true,"href":"https:\/\/pianopiano-studio.com\/en\/wp-json\/wp\/v2\/media\/5596"}],"wp:attachment":[{"href":"https:\/\/pianopiano-studio.com\/en\/wp-json\/wp\/v2\/media?parent=288"}],"curies":[{"name":"wp","href":"https:\/\/api.w.org\/{rel}","templated":true}]}}