{"id":289,"date":"2017-05-16T18:13:42","date_gmt":"2017-05-16T18:13:42","guid":{"rendered":"http:\/\/pianopiano-studio.com\/arquitectas\/"},"modified":"2026-02-20T15:56:06","modified_gmt":"2026-02-20T15:56:06","slug":"arquitectes","status":"publish","type":"page","link":"https:\/\/pianopiano-studio.com\/val\/arquitectes\/","title":{"rendered":"Arquitectes"},"content":{"rendered":"<h2 data-start=\"84\" data-end=\"205\">Nosaltres arquitectes<\/h2>\n<p data-start=\"84\" data-end=\"205\">Hola! Som Maria Donnini i Maria Grifo, les arquitectes que formem Piano Piano, el nostre estudi a Val\u00e8ncia des de 2016.<\/p>\n<p data-start=\"207\" data-end=\"410\">Treballem projectes constru\u00efts d\u2019obra nova, reformes i rehabilitacions d\u2019espais p\u00fablics i privats, centrats en la seua majoria en l\u2019\u00e0mbit residencial, aix\u00ed com intervencions en el paisatge i la ciutat.<\/p>\n<p data-start=\"412\" data-end=\"661\">En els nostres projectes controlem l\u2019escala en les seues distintes esferes: en el seu context com a pe\u00e7a que deixa empremta en l\u2019entorn en qu\u00e8 s\u2019ubica i prestant especial atenci\u00f3 als detalls de la construcci\u00f3 com a peces detallades al mil\u00b7l\u00edmetre.<\/p>\n<p data-start=\"663\" data-end=\"986\">Realitzem un acompanyament amb el client tenint en compte les seues necessitats i desitjos en tot el proc\u00e9s de disseny. Definim cada espai amb cura i delicadesa i portem a terme la direcci\u00f3 de l\u2019obra perqu\u00e8 el resultat final executat reflectisca fidelment el disseny i les expectatives de qui confia en el nostre treball.<\/p>\n<p data-start=\"139\" data-end=\"807\">En els nostres projectes d\u2019arquitectura a mida busquem arrelar-nos a un lloc i a un temps determinat, posant especial atenci\u00f3 en les persones que els habitaran i en el respecte per l\u2019entorn on s\u2019ubiquen. Cuidem el proc\u00e9s de principi a fi, des d\u2019una primera reuni\u00f3 de presa de contacte fins que el projecte est\u00e0 llest per a entrar en obra, amb una implicaci\u00f3 total, constant i coherent que assegure que tot all\u00f2 treballat s\u2019executa correctament. Per a nosaltres \u00e9s fonamental generar un clima de confian\u00e7a entre les arquitectes, la resta de t\u00e8cnics, el client i l\u2019empresa constructora, participant activament en totes les fases per garantir coher\u00e8ncia i bons resultats.<\/p>\n<p data-start=\"809\" data-end=\"1206\">Prestem atenci\u00f3 a les necessitats de qui habitar\u00e0 els espais, analitzem amb detall el lloc on s\u2019implanten els projectes i els desenvolupem utilitzant els materials m\u00e9s adequats i propers, en funci\u00f3 del pressupost i dels recursos disponibles. Volem que la nostra arquitectura siga com un raig de sol en un dia trist: divertida per\u00f2 rigorosa, i que contribu\u00efsca a construir llocs bells i agradables.<\/p>\n<p data-start=\"988\" data-end=\"1021\">Han format part de Piano Piano:<\/p>\n<p data-start=\"1024\" data-end=\"1051\">Adri\u00e1n Ripoll, arquitecte<\/p>\n<p data-start=\"1054\" data-end=\"1082\">Paula Cerver\u00f3n, arquitecta<\/p>\n<p data-start=\"1085\" data-end=\"1128\">Maria Luz G\u00f3mez, estudiant d\u2019arquitectura<\/p>\n<p data-start=\"1131\" data-end=\"1172\">Tatiana Perea, estudiant d\u2019arquitectura<\/p>\n<p data-start=\"1175\" data-end=\"1213\">Elif Lahor, estudiant d\u2019arquitectura<\/p>\n<p>Fotografia de <a href=\"http:\/\/milenavillalba.com\/\" target=\"_blank\" rel=\"noopener\">Milena Villalba<\/a><\/p>\n<h2>Obres, projectes i concursos<\/h2>\n<p><strong>2025<\/strong><\/p>\n<p data-start=\"110\" data-end=\"164\">El desfile de la puri. Reforma d\u2019habitatge. Val\u00e8ncia<\/p>\n<p data-start=\"166\" data-end=\"238\">Bot\u00e0nic 2.0. Proposta d\u2019interiorisme i mobiliari. El Bot\u00e0nic, Val\u00e8ncia<\/p>\n<p data-start=\"240\" data-end=\"306\">La ret\u00edcula salpicada. Reforma d\u2019habitatge. L\u2019Eixample, Val\u00e8ncia<\/p>\n<p data-start=\"308\" data-end=\"357\">En proc\u00e9s. Construcci\u00f3 d\u2019un habitatge a Alfafar<\/p>\n<p data-start=\"359\" data-end=\"410\">En proc\u00e9s. Construcci\u00f3 d\u2019un habitatge al Cabanyal<\/p>\n<p data-start=\"412\" data-end=\"460\">En proc\u00e9s. Construcci\u00f3 d\u2019un habitatge a Cheste<\/p>\n<p data-start=\"462\" data-end=\"513\">En proc\u00e9s. Rehabilitaci\u00f3 d\u2019una alqueria a Meliana<\/p>\n<p data-start=\"515\" data-end=\"577\">En proc\u00e9s. Edifici de quatre habitatges a Natzaret. Val\u00e8ncia<\/p>\n<p data-start=\"579\" data-end=\"631\">En proc\u00e9s. Reforma d\u2019habitatge. En Corts. Val\u00e8ncia<\/p>\n<p data-start=\"633\" data-end=\"695\">En proc\u00e9s. Construcci\u00f3 d\u2019un habitatge a Castell\u00f3 de la Plana<\/p>\n<p data-start=\"697\" data-end=\"745\">En proc\u00e9s. Construcci\u00f3 d\u2019un habitatge a Ll\u00edria<\/p>\n<p data-start=\"747\" data-end=\"880\">Romeria de tot l\u2019any. Concurs. Proposta per a l\u2019entorn natural de l\u2019Ermita de Sant Antoni. Betx\u00ed. Junt amb MHA Arquitectura. Menci\u00f3<\/p>\n<p data-start=\"883\" data-end=\"889\"><strong>2024<\/strong><\/p>\n<p data-start=\"891\" data-end=\"927\">Construcci\u00f3 d\u2019un habitatge a Foios<\/p>\n<p data-start=\"929\" data-end=\"969\">Construcci\u00f3 d\u2019un habitatge a Fortaleny<\/p>\n<p data-start=\"971\" data-end=\"1116\">El camino de la almazara. Recuperaci\u00f3 d\u2019un almazara-safareig i del seu entorn natural. La Artejuela, Ara\u00f1uel. Junt amb Carpe i MHA Arquitectura<\/p>\n<p data-start=\"1118\" data-end=\"1210\">Tel\u00f3n de fondo. Concurs. Centre d\u2019associacions i auditori. Biar. Junt amb MHA Arquitectura<\/p>\n<p data-start=\"1212\" data-end=\"1324\">Les passeres del riu. Concurs. Recuperaci\u00f3 de la mem\u00f2ria del Riu Sec. Betx\u00ed. Junt amb Carpe i MHA Arquitectura<\/p>\n<p data-start=\"1326\" data-end=\"1385\">Salut i color. Concurs. Centre de Salut a Alaior, Menorca<\/p>\n<p data-start=\"1388\" data-end=\"1394\"><strong>2023<\/strong><\/p>\n<p data-start=\"1396\" data-end=\"1447\">Adequaci\u00f3 de la seu de la policia local. Castell\u00f3<\/p>\n<p data-start=\"1449\" data-end=\"1499\">Casa patio casa patio. Rehabilitaci\u00f3 d\u2019habitatge<\/p>\n<p data-start=\"1501\" data-end=\"1556\">Casa 3 en 1. Reforma d\u2019habitatge. Velluters, Val\u00e8ncia<\/p>\n<p data-start=\"1558\" data-end=\"1627\">La serpiente del Bot\u00e0nic. Reforma d\u2019habitatge. El Bot\u00e0nic, Val\u00e8ncia<\/p>\n<p data-start=\"1630\" data-end=\"1636\"><strong>2022<\/strong><\/p>\n<p data-start=\"1638\" data-end=\"1732\">Les pinyes del Cabanyal. Rehabilitaci\u00f3 d\u2019un edifici de dos habitatges. El Cabanyal, Val\u00e8ncia<\/p>\n<p data-start=\"1734\" data-end=\"1857\">Traces i Petjades. Concurs Espai Dones i Igualtat. Junt amb Carpe, MHA Arquitectura i Manu Monteagudo. El Carme, Val\u00e8ncia<\/p>\n<p data-start=\"1859\" data-end=\"1925\">Casa en espina de pez. Reforma d\u2019habitatge. L\u2019Eixample, Val\u00e8ncia<\/p>\n<p data-start=\"1928\" data-end=\"1934\"><strong>2021<\/strong><\/p>\n<p data-start=\"1936\" data-end=\"2000\">La volteta del Carmen. Reforma d\u2019habitatge. El Carme, Val\u00e8ncia<\/p>\n<p data-start=\"2002\" data-end=\"2068\">La casa del cant\u00f3. Construcci\u00f3 d\u2019un habitatge unifamiliar. Foios<\/p>\n<p data-start=\"2070\" data-end=\"2132\">Casa de recortes y fragmentos. Reforma d\u2019habitatge. Val\u00e8ncia<\/p>\n<p data-start=\"2134\" data-end=\"2200\">El oct\u00f3gono de Pelayo. Reforma d\u2019habitatge. La Roqueta, Val\u00e8ncia<\/p>\n<p data-start=\"2202\" data-end=\"2285\">Altillo en Sueca. Reforma d\u2019habitatge en edifici plurifamiliar. Russafa, Val\u00e8ncia<\/p>\n<p data-start=\"2287\" data-end=\"2337\">De la Pla\u00e7a al Palau. Reforma d\u2019habitatge. Betx\u00ed<\/p>\n<p data-start=\"2339\" data-end=\"2388\">La casa festejadora. Reforma d\u2019habitatge. Betx\u00ed<\/p>\n<p data-start=\"2390\" data-end=\"2459\">Casa de doce pilares. Construcci\u00f3 d\u2019un habitatge unifamiliar. Foios<\/p>\n<p data-start=\"2461\" data-end=\"2538\">Rehabilitaci\u00f3 i ampliaci\u00f3 de l\u2019Ajuntament de Foios. Concurs. Junt amb Carpe<\/p>\n<p data-start=\"2540\" data-end=\"2602\">Avantprojecte per al Centre de Dia. Castell\u00f3. Junt amb Carpe<\/p>\n<p data-start=\"2605\" data-end=\"2611\"><strong>2020<\/strong><\/p>\n<p data-start=\"2613\" data-end=\"2700\">Ciudad Contexto. Projecte digital. Junt amb Carpe i Silvia Puerto. ciudadcontexto.com<\/p>\n<p data-start=\"2703\" data-end=\"2709\"><strong>2019<\/strong><\/p>\n<p data-start=\"2711\" data-end=\"2783\"><a href=\"https:\/\/pianopiano-studio.com\/val\/proyecto\/aneta-sound\/\">Aneta Sound<\/a>. Reforma de local per a un estudi de so. Orriols, Val\u00e8ncia<\/p>\n<p data-start=\"2785\" data-end=\"2859\"><a href=\"https:\/\/pianopiano-studio.com\/val\/proyecto\/la-excusa-de-tomar-el-te\/\">La excusa de tomar el t\u00e9<\/a>. Rehabilitaci\u00f3 d\u2019una vivenda. Russafa, Val\u00e8ncia<\/p>\n<p data-start=\"2861\" data-end=\"2968\">Escriptori Urb\u00e0. Concurs. Proposta de remodelaci\u00f3 de la Pla\u00e7a Major de Borriana, Castell\u00f3. Junt amb Carpe<\/p>\n<p data-start=\"2971\" data-end=\"2977\"><strong>2018<\/strong><\/p>\n<p data-start=\"2979\" data-end=\"3065\"><a href=\"https:\/\/pianopiano-studio.com\/val\/proyecto\/espacio-de-bienestar\/\">Espacio de bienestar<\/a>. Reforma de local per a un centre de bellesa. Russafa, Val\u00e8ncia<\/p>\n<p data-start=\"3067\" data-end=\"3125\"><a href=\"https:\/\/pianopiano-studio.com\/val\/proyecto\/vila-barbera\/\">Vila Barber\u00e0<\/a>. Reforma d\u2019habitatge. Arrancapins, Val\u00e8ncia<\/p>\n<p data-start=\"3127\" data-end=\"3226\">BIB Villaverde. Concurs. Proposta per a una biblioteca. Madrid. Junt amb Carpe i Crux Arquitectos<\/p>\n<p data-start=\"3228\" data-end=\"3344\">El agua fluye de este a oeste. Concurs. Proposta per a la remodelaci\u00f3 de la Pla\u00e7a dels Xorros. La Font d\u2019en Carr\u00f2s<\/p>\n<p data-start=\"3346\" data-end=\"3495\">Nou complex sanitari \u201cErnest Lluch\u201d (Antic Hospital La Fe). Concurs. Val\u00e8ncia. Junt amb Sogo Arquitectos, Jos\u00e9 Olag\u00fce, Gerardo Solera i Luis Gimeno<\/p>\n<p><!--\n\n\n<p style=\"text-align: center;\"><a style=\"color: #ff99cc;\" href=\"https:\/\/www.instagram.com\/pianopianostudio\/\" target=\"_blank\" rel=\"noopener\">Instagram<\/a> <a style=\"color: #ff99cc;\" href=\"https:\/\/www.facebook.com\/pianopianostudio\/\" target=\"_blank\" rel=\"noopener\">Facebook<\/a> <a style=\"color: #ff99cc;\" href=\"https:\/\/www.linkedin.com\/company\/11141477\/\" target=\"_blank\" rel=\"noopener\">Linkedin<\/a><\/p>\n\n\n\n&nbsp;\n\n--><\/p>\n","protected":false},"excerpt":{"rendered":"<p>Nosaltres arquitectes Hola! Som Maria Donnini i Maria Grifo, les arquitectes que formem Piano Piano, el nostre estudi a Val\u00e8ncia &hellip; <a href=\"https:\/\/pianopiano-studio.com\/val\/arquitectes\/\">Continued<\/a><\/p>\n","protected":false},"author":1,"featured_media":5597,"parent":0,"menu_order":0,"comment_status":"closed","ping_status":"closed","template":"template-arquitectas.php","meta":{"_acf_changed":false,"footnotes":""},"class_list":["post-289","page","type-page","status-publish","has-post-thumbnail","hentry"],"acf":[],"yoast_head":"<!-- This site is optimized with the Yoast SEO plugin v27.4 - https:\/\/yoast.com\/product\/yoast-seo-wordpress\/ -->\n<title>Arquitectes de Piano Piano Studio - Piano Piano Studio<\/title>\n<meta name=\"description\" content=\"A Piano Piano Studio treballem projectes d\u2019arquitectura amb identitat i sensibilitat.\" \/>\n<meta name=\"robots\" content=\"index, follow, max-snippet:-1, max-image-preview:large, max-video-preview:-1\" \/>\n<link rel=\"canonical\" href=\"https:\/\/pianopiano-studio.com\/val\/arquitectes\/\" \/>\n<meta property=\"og:locale\" content=\"en_US\" \/>\n<meta property=\"og:type\" content=\"article\" \/>\n<meta property=\"og:title\" content=\"Arquitectes de Piano Piano Studio - Piano Piano Studio\" \/>\n<meta property=\"og:description\" content=\"A Piano Piano Studio treballem projectes d\u2019arquitectura amb identitat i sensibilitat.\" \/>\n<meta property=\"og:url\" content=\"https:\/\/pianopiano-studio.com\/val\/arquitectes\/\" \/>\n<meta property=\"og:site_name\" content=\"Pianopiano\" \/>\n<meta property=\"article:modified_time\" content=\"2026-02-20T15:56:06+00:00\" \/>\n<meta property=\"og:image\" content=\"https:\/\/pianopiano-studio.com\/wp-content\/uploads\/arquitectas-Valencia-pianopiano-1.jpg\" \/>\n\t<meta property=\"og:image:width\" content=\"2000\" \/>\n\t<meta property=\"og:image:height\" content=\"1600\" \/>\n\t<meta property=\"og:image:type\" content=\"image\/jpeg\" \/>\n<meta name=\"twitter:card\" content=\"summary_large_image\" \/>\n<meta name=\"twitter:label1\" content=\"Est. reading time\" \/>\n\t<meta name=\"twitter:data1\" content=\"4 minutes\" \/>\n<script type=\"application\/ld+json\" class=\"yoast-schema-graph\">{\"@context\":\"https:\\\/\\\/schema.org\",\"@graph\":[{\"@type\":\"WebPage\",\"@id\":\"https:\\\/\\\/pianopiano-studio.com\\\/val\\\/arquitectes\\\/\",\"url\":\"https:\\\/\\\/pianopiano-studio.com\\\/val\\\/arquitectes\\\/\",\"name\":\"Arquitectes de Piano Piano Studio - Piano Piano Studio\",\"isPartOf\":{\"@id\":\"https:\\\/\\\/pianopiano-studio.com\\\/#website\"},\"primaryImageOfPage\":{\"@id\":\"https:\\\/\\\/pianopiano-studio.com\\\/val\\\/arquitectes\\\/#primaryimage\"},\"image\":{\"@id\":\"https:\\\/\\\/pianopiano-studio.com\\\/val\\\/arquitectes\\\/#primaryimage\"},\"thumbnailUrl\":\"https:\\\/\\\/pianopiano-studio.com\\\/wp-content\\\/uploads\\\/arquitectas-Valencia-pianopiano-1.jpg\",\"datePublished\":\"2017-05-16T18:13:42+00:00\",\"dateModified\":\"2026-02-20T15:56:06+00:00\",\"description\":\"A Piano Piano Studio treballem projectes d\u2019arquitectura amb identitat i sensibilitat.\",\"breadcrumb\":{\"@id\":\"https:\\\/\\\/pianopiano-studio.com\\\/val\\\/arquitectes\\\/#breadcrumb\"},\"inLanguage\":\"ca\",\"potentialAction\":[{\"@type\":\"ReadAction\",\"target\":[\"https:\\\/\\\/pianopiano-studio.com\\\/val\\\/arquitectes\\\/\"]}]},{\"@type\":\"ImageObject\",\"inLanguage\":\"ca\",\"@id\":\"https:\\\/\\\/pianopiano-studio.com\\\/val\\\/arquitectes\\\/#primaryimage\",\"url\":\"https:\\\/\\\/pianopiano-studio.com\\\/wp-content\\\/uploads\\\/arquitectas-Valencia-pianopiano-1.jpg\",\"contentUrl\":\"https:\\\/\\\/pianopiano-studio.com\\\/wp-content\\\/uploads\\\/arquitectas-Valencia-pianopiano-1.jpg\",\"width\":2000,\"height\":1600},{\"@type\":\"BreadcrumbList\",\"@id\":\"https:\\\/\\\/pianopiano-studio.com\\\/val\\\/arquitectes\\\/#breadcrumb\",\"itemListElement\":[{\"@type\":\"ListItem\",\"position\":1,\"name\":\"Home\",\"item\":\"https:\\\/\\\/pianopiano-studio.com\\\/val\\\/\"},{\"@type\":\"ListItem\",\"position\":2,\"name\":\"Arquitectes\"}]},{\"@type\":\"WebSite\",\"@id\":\"https:\\\/\\\/pianopiano-studio.com\\\/#website\",\"url\":\"https:\\\/\\\/pianopiano-studio.com\\\/\",\"name\":\"Pianopiano\",\"description\":\"Estudio de arquitectas\",\"potentialAction\":[{\"@type\":\"SearchAction\",\"target\":{\"@type\":\"EntryPoint\",\"urlTemplate\":\"https:\\\/\\\/pianopiano-studio.com\\\/?s={search_term_string}\"},\"query-input\":{\"@type\":\"PropertyValueSpecification\",\"valueRequired\":true,\"valueName\":\"search_term_string\"}}],\"inLanguage\":\"ca\"}]}<\/script>\n<!-- \/ Yoast SEO plugin. -->","yoast_head_json":{"title":"Arquitectes de Piano Piano Studio - Piano Piano Studio","description":"A Piano Piano Studio treballem projectes d\u2019arquitectura amb identitat i sensibilitat.","robots":{"index":"index","follow":"follow","max-snippet":"max-snippet:-1","max-image-preview":"max-image-preview:large","max-video-preview":"max-video-preview:-1"},"canonical":"https:\/\/pianopiano-studio.com\/val\/arquitectes\/","og_locale":"en_US","og_type":"article","og_title":"Arquitectes de Piano Piano Studio - Piano Piano Studio","og_description":"A Piano Piano Studio treballem projectes d\u2019arquitectura amb identitat i sensibilitat.","og_url":"https:\/\/pianopiano-studio.com\/val\/arquitectes\/","og_site_name":"Pianopiano","article_modified_time":"2026-02-20T15:56:06+00:00","og_image":[{"width":2000,"height":1600,"url":"https:\/\/pianopiano-studio.com\/wp-content\/uploads\/arquitectas-Valencia-pianopiano-1.jpg","type":"image\/jpeg"}],"twitter_card":"summary_large_image","twitter_misc":{"Est. reading time":"4 minutes"},"schema":{"@context":"https:\/\/schema.org","@graph":[{"@type":"WebPage","@id":"https:\/\/pianopiano-studio.com\/val\/arquitectes\/","url":"https:\/\/pianopiano-studio.com\/val\/arquitectes\/","name":"Arquitectes de Piano Piano Studio - Piano Piano Studio","isPartOf":{"@id":"https:\/\/pianopiano-studio.com\/#website"},"primaryImageOfPage":{"@id":"https:\/\/pianopiano-studio.com\/val\/arquitectes\/#primaryimage"},"image":{"@id":"https:\/\/pianopiano-studio.com\/val\/arquitectes\/#primaryimage"},"thumbnailUrl":"https:\/\/pianopiano-studio.com\/wp-content\/uploads\/arquitectas-Valencia-pianopiano-1.jpg","datePublished":"2017-05-16T18:13:42+00:00","dateModified":"2026-02-20T15:56:06+00:00","description":"A Piano Piano Studio treballem projectes d\u2019arquitectura amb identitat i sensibilitat.","breadcrumb":{"@id":"https:\/\/pianopiano-studio.com\/val\/arquitectes\/#breadcrumb"},"inLanguage":"ca","potentialAction":[{"@type":"ReadAction","target":["https:\/\/pianopiano-studio.com\/val\/arquitectes\/"]}]},{"@type":"ImageObject","inLanguage":"ca","@id":"https:\/\/pianopiano-studio.com\/val\/arquitectes\/#primaryimage","url":"https:\/\/pianopiano-studio.com\/wp-content\/uploads\/arquitectas-Valencia-pianopiano-1.jpg","contentUrl":"https:\/\/pianopiano-studio.com\/wp-content\/uploads\/arquitectas-Valencia-pianopiano-1.jpg","width":2000,"height":1600},{"@type":"BreadcrumbList","@id":"https:\/\/pianopiano-studio.com\/val\/arquitectes\/#breadcrumb","itemListElement":[{"@type":"ListItem","position":1,"name":"Home","item":"https:\/\/pianopiano-studio.com\/val\/"},{"@type":"ListItem","position":2,"name":"Arquitectes"}]},{"@type":"WebSite","@id":"https:\/\/pianopiano-studio.com\/#website","url":"https:\/\/pianopiano-studio.com\/","name":"Pianopiano","description":"Estudio de arquitectas","potentialAction":[{"@type":"SearchAction","target":{"@type":"EntryPoint","urlTemplate":"https:\/\/pianopiano-studio.com\/?s={search_term_string}"},"query-input":{"@type":"PropertyValueSpecification","valueRequired":true,"valueName":"search_term_string"}}],"inLanguage":"ca"}]}},"_links":{"self":[{"href":"https:\/\/pianopiano-studio.com\/val\/wp-json\/wp\/v2\/pages\/289","targetHints":{"allow":["GET"]}}],"collection":[{"href":"https:\/\/pianopiano-studio.com\/val\/wp-json\/wp\/v2\/pages"}],"about":[{"href":"https:\/\/pianopiano-studio.com\/val\/wp-json\/wp\/v2\/types\/page"}],"author":[{"embeddable":true,"href":"https:\/\/pianopiano-studio.com\/val\/wp-json\/wp\/v2\/users\/1"}],"replies":[{"embeddable":true,"href":"https:\/\/pianopiano-studio.com\/val\/wp-json\/wp\/v2\/comments?post=289"}],"version-history":[{"count":24,"href":"https:\/\/pianopiano-studio.com\/val\/wp-json\/wp\/v2\/pages\/289\/revisions"}],"predecessor-version":[{"id":6133,"href":"https:\/\/pianopiano-studio.com\/val\/wp-json\/wp\/v2\/pages\/289\/revisions\/6133"}],"wp:featuredmedia":[{"embeddable":true,"href":"https:\/\/pianopiano-studio.com\/val\/wp-json\/wp\/v2\/media\/5597"}],"wp:attachment":[{"href":"https:\/\/pianopiano-studio.com\/val\/wp-json\/wp\/v2\/media?parent=289"}],"curies":[{"name":"wp","href":"https:\/\/api.w.org\/{rel}","templated":true}]}}