{"id":5618,"date":"2025-06-05T11:43:39","date_gmt":"2025-06-05T11:43:39","guid":{"rendered":"https:\/\/pianopiano-studio.com\/arquitectes\/trayectoria\/"},"modified":"2025-10-31T14:17:19","modified_gmt":"2025-10-31T14:17:19","slug":"trajectoria","status":"publish","type":"page","link":"https:\/\/pianopiano-studio.com\/val\/arquitectes\/trajectoria\/","title":{"rendered":"Traject\u00f2ria"},"content":{"rendered":"\t\t<div data-elementor-type=\"wp-page\" data-elementor-id=\"5618\" class=\"elementor elementor-5618 elementor-4944\" data-elementor-post-type=\"page\">\n\t\t\t\t\t\t<section class=\"elementor-section elementor-top-section elementor-element elementor-element-38757ffb elementor-section-boxed elementor-section-height-default elementor-section-height-default\" data-id=\"38757ffb\" data-element_type=\"section\" data-e-type=\"section\">\n\t\t\t\t\t\t<div class=\"elementor-container elementor-column-gap-default\">\n\t\t\t\t\t<div class=\"elementor-column elementor-col-100 elementor-top-column elementor-element elementor-element-428acbae\" data-id=\"428acbae\" data-element_type=\"column\" data-e-type=\"column\">\n\t\t\t<div class=\"elementor-widget-wrap elementor-element-populated\">\n\t\t\t\t\t\t<div class=\"elementor-element elementor-element-b7b9134 elementor-widget elementor-widget-spacer\" data-id=\"b7b9134\" data-element_type=\"widget\" data-e-type=\"widget\" data-widget_type=\"spacer.default\">\n\t\t\t\t<div class=\"elementor-widget-container\">\n\t\t\t\t\t\t\t<div class=\"elementor-spacer\">\n\t\t\t<div class=\"elementor-spacer-inner\"><\/div>\n\t\t<\/div>\n\t\t\t\t\t\t<\/div>\n\t\t\t\t<\/div>\n\t\t\t\t<div class=\"elementor-element elementor-element-ce9f3ce elementor-widget elementor-widget-text-editor\" data-id=\"ce9f3ce\" data-element_type=\"widget\" data-e-type=\"widget\" data-widget_type=\"text-editor.default\">\n\t\t\t\t<div class=\"elementor-widget-container\">\n\t\t\t\t\t\t\t\t\t<h2><span style=\"font-size: 18pt;\">traject\u00f2ria<\/span><\/h2>\n<p>\u00a0<\/p>\n<p><b>2025<\/b><\/p>\n<p><span style=\"font-weight: 400;\">Hem participat en el Comboi al CTAV al mes de febrer. \u2018Directores d\u2019obra\u2019 i posteriorment al Podcast <a href=\"https:\/\/arquitectosdevalencia.es\/podcast\/directoras-de-obra\/\">\u2018Habitar entre l\u00edneas\u2019\u00a0<\/a><\/span><\/p>\n<p><span style=\"font-weight: 400;\">\u2018El camino de la Almazara\u2019, projecte seleccionat als <a href=\"https:\/\/www.premiosarquitectura.org\/notas-de-prensa\/seleccionados-los-201-proyectos-que-optan-a-los-premios-arquitectura-2025\/\">Premis d\u2019Arquitectura del CSCAE.<\/a><\/span><\/p>\n<p><span style=\"font-weight: 400;\"><a href=\"https:\/\/promocioceramica.dipcas.es\/es\/cru-viii.html\">Menci\u00f3 CRU<\/a> de la Diputaci\u00f3 de Castell\u00f3 pel projecte \u2018Romeria de tot l\u2019any\u2019, la intervenci\u00f3 a l\u2019entorn de l\u2019Ermita de Sant Antoni de Betx\u00ed junt amb MHA Arquitectura.<\/span><\/p>\n<p>\u00a0<\/p>\n<p><b>2024<\/b><\/p>\n<p><span style=\"font-weight: 400;\">Hem participat en la jornada \u2018Formas y miradas en torno a la arquitectura\u2019 de la <a href=\"https:\/\/social.arquia.com\/es-es\/personas\/reactivaci%C3%B3n-profesional\/2023-2024\/\">Fundaci\u00f3n Arquia<\/a> a l\u2019Espai Alfaro, Godella, junt amb Fran Silvestre, Milena Villalba, Hugo Barros i Avelina Prat.<\/span><\/p>\n<p><span style=\"font-weight: 400;\">Hem participat al PechaKucha Night Castell\u00f3n, vol.24 <a href=\"https:\/\/www.besignfest.com\/programacion\/\">Besign Fest<\/a><\/span><\/p>\n<p><span style=\"font-weight: 400;\">Xarrada al <a href=\"https:\/\/www.youtube.com\/watch?v=uTirWh5XqgA\">Cicle Cultural V_IDA<\/a> de l\u2019ETSAE de la Universitat Polit\u00e8cnica de Cartagena.<\/span><\/p>\n<div>\n<p>\u00a0<\/p>\n<p><span style=\"font-weight: 400;\"><strong>2023<\/strong>.<br \/><\/span><span style=\"font-weight: 400;\">El oct\u00f3gono de Pelayo <a href=\"https:\/\/www.coacv.org\/galeria\/files\/ACTA.pdf\">Premi COACV <\/a><\/span><span style=\"font-weight: 400;\">2023 en la categoria \u2018Intervenciones en edificios existentes\u2019<br \/><br \/><\/span><\/p>\n<p><span style=\"font-weight: 400;\"><a href=\"https:\/\/www.dipcas.es\/es\/actualidad\/los-proyectos-cer-micos-de-ara-uel-y-mont-n\">Primer Premi Concurs CRU de la Diputaci\u00f3 de Castell\u00f3<\/a> per a la regeneraci\u00f3 de l\u2019espai almazara-safareig a l\u2019aldea La Artejuela, Ara\u00f1uel, junt amb Carpe i MHA Arquitectura.<\/span><\/p>\n<p>\u00a0<\/p>\n<p><span style=\"font-weight: 400;\">Casa de recortes y fragmentos. Projecte seleccionat a l\u2019exposici\u00f3 <a href=\"http:\/\/arquitectosdevalencia.es\/contenido\/exposicion-y-catalogo-arquitectura-reciente-en-valencia-2020-21-22\/\">Arquitectura recent en Val\u00e8ncia 2020-21-22 del CTAV<\/a><\/span><\/p>\n<p>\u00a0<\/p>\n<p><span style=\"font-weight: 400;\"><strong>2022<\/strong>.<br \/>La casa del cant\u00f3. Projecte seleccionat al Premi Arquitectura Teja 2019-2021 de Hispalyt.<\/span><\/p>\n<p>\u00a0<\/p>\n<p><span style=\"font-weight: 400;\">Piano Piano seleccionades a l\u2019exposici\u00f3 Ecosistemas.zip. Madrid.<\/span><\/p>\n<p>\u00a0<\/p>\n<p><span style=\"font-weight: 400;\"><strong>2020<\/strong>.<br \/>La excusa de tomar el t\u00e9. Projecte catalogat a la VII Edici\u00f3 2018-2019 de la biennal Arquia Pr\u00f3xima \u2018Punto de inflexi\u00f3n. Posiciones radicales para un mundo en cambio\u2019.<\/span><\/p>\n<p>\u00a0<\/p>\n<p><span style=\"font-size: 12pt;\">Xarrada al Taller 3 de l\u2019ETSAV \u2018Un univers infinit d\u2019elements fascinants\u2019.<\/span><\/p>\n<p>\u00a0<\/p>\n<p><span style=\"font-weight: 400;\">La excusa de tomar el t\u00e9. Projecte seleccionat a l\u2019exposici\u00f3 Arquitectura recent a Val\u00e8ncia 2017-18-19 al CTAV. <\/span><\/p>\n<p>\u00a0<\/p>\n<p><span style=\"font-size: 12pt;\">Microxarrada al CTAV Arquitectura recent a Val\u00e8ncia 2017-18-19.<\/span><\/p>\n<\/div>\n<div>\n<p>\u00a0<\/p>\n<\/div>\t\t\t\t\t\t\t\t<\/div>\n\t\t\t\t<\/div>\n\t\t\t\t\t<\/div>\n\t\t<\/div>\n\t\t\t\t\t<\/div>\n\t\t<\/section>\n\t\t\t\t<section class=\"elementor-section elementor-top-section elementor-element elementor-element-ffedeae elementor-section-boxed elementor-section-height-default elementor-section-height-default\" data-id=\"ffedeae\" data-element_type=\"section\" data-e-type=\"section\">\n\t\t\t\t\t\t<div class=\"elementor-container elementor-column-gap-default\">\n\t\t\t\t\t<div class=\"elementor-column elementor-col-100 elementor-top-column elementor-element elementor-element-5c21e6c\" data-id=\"5c21e6c\" data-element_type=\"column\" data-e-type=\"column\">\n\t\t\t<div class=\"elementor-widget-wrap elementor-element-populated\">\n\t\t\t\t\t\t<div class=\"elementor-element elementor-element-c423e71 elementor-widget-divider--view-line elementor-widget elementor-widget-divider\" data-id=\"c423e71\" data-element_type=\"widget\" data-e-type=\"widget\" data-widget_type=\"divider.default\">\n\t\t\t\t<div class=\"elementor-widget-container\">\n\t\t\t\t\t\t\t<div class=\"elementor-divider\">\n\t\t\t<span class=\"elementor-divider-separator\">\n\t\t\t\t\t\t<\/span>\n\t\t<\/div>\n\t\t\t\t\t\t<\/div>\n\t\t\t\t<\/div>\n\t\t\t\t\t<\/div>\n\t\t<\/div>\n\t\t\t\t\t<\/div>\n\t\t<\/section>\n\t\t\t\t<section class=\"elementor-section elementor-top-section elementor-element elementor-element-d5d3740 elementor-section-boxed elementor-section-height-default elementor-section-height-default\" data-id=\"d5d3740\" data-element_type=\"section\" data-e-type=\"section\">\n\t\t\t\t\t\t<div class=\"elementor-container elementor-column-gap-default\">\n\t\t\t\t\t<div class=\"elementor-column elementor-col-100 elementor-top-column elementor-element elementor-element-18969c1\" data-id=\"18969c1\" data-element_type=\"column\" data-e-type=\"column\">\n\t\t\t<div class=\"elementor-widget-wrap elementor-element-populated\">\n\t\t\t\t\t\t<div class=\"elementor-element elementor-element-dc8a65c elementor-widget elementor-widget-text-editor\" data-id=\"dc8a65c\" data-element_type=\"widget\" data-e-type=\"widget\" data-widget_type=\"text-editor.default\">\n\t\t\t\t<div class=\"elementor-widget-container\">\n\t\t\t\t\t\t\t\t\t<h2><span style=\"font-size: 24px;\">publicacions<\/span><\/h2>\n<p><span style=\"font-weight: 400; font-size: 12pt;\">Piano Piano al suplement <a href=\"https:\/\/www.lasprovincias.es\/extras\/coopera\/\">Coopera<\/a> de Las Provincias.<\/span><\/p>\n<p>\u00a0<\/p>\n<p><span style=\"font-size: 12pt;\"><span style=\"font-weight: 400;\">Piano Piano a Culturplaza: <a href=\"https:\/\/valenciaplaza.com\/playlist-de-arquitectura-las-canciones-a-las-que-suenan-estos-edificios-de-valencia\">\u2018Playlist de arquitectura: las canciones a las que suenan estos edificios de Val\u00e8ncia\u2019<\/a>,<\/span> <a href=\"https:\/\/valenciaplaza.com\/la-recepta-piano-piano-contar-histories-per-a-mimar-larquitectura\">\u2018La recepta Piano Piano. Contar hist\u00f2ries per a mimar l\u2019arquitectura\u2019<\/a>,<a style=\"background-color: #ffffff;\" href=\"https:\/\/valenciaplaza.com\/cuando-tu-edificio-es-un-perseverance-en-que-otro-lugar-de-valencia-lo-harias-aterrizar\"> \u2018Cuando tu edificio es un \u2018Perseverance\u2019: en qu\u00e9 otro lugar lo har\u00edas aterrizar\u2019<\/a>,<a style=\"background-color: #ffffff;\" href=\"https:\/\/valenciaplaza.com\/valencia-muy-dark-los-riesgos-de-la-ciudad-mediterranea-ante-los-comercios-fantasma\"> \u2018Val\u00e8ncia muy dark: los riesgos de la ciudad mediterr\u00e1nea ante los comercios fantasma\u2019<\/a>,<span style=\"font-weight: 400;\"> <a href=\"https:\/\/valenciaplaza.com\/vint-projectes-per-dissenyar-un-futur-que-canvia-constantment\">\u2018Vint projectes per a dissenyar un futur que canvia constantment\u2019<\/a>, <\/span><a href=\"https:\/\/valenciaplaza.com\/que-otra-plaza-de-valencia-deberia-solapar-a-la-placa-del-ajuntament\"><span style=\"font-weight: 400;\">\u2018Qu\u00e9 otra plaza deber\u00eda solapar a la Pla\u00e7a de l\u2019Ajuntament\u2019<\/span><\/a><\/span><\/p>\n<p>\u00a0<\/p>\n<p><span style=\"font-weight: 400; font-size: 12pt;\">Piano Piano a <a href=\"https:\/\/www.hna.es\/blog\/detalle-noticias\/3438\/un-proyecto-es-aditivo-en-el-que-se-van-superponiendo-nuevas-capas-a-medida-que-aumenta-su-complejidad\">HNA Conecta\u00a0<\/a><\/span><\/p>\n<p>\u00a0<\/p>\n<p><span style=\"font-weight: 400; font-size: 12pt;\">Piano Piano a <a href=\"https:\/\/arquitecturaviva.com\/publicaciones\/av\/ecosistemaszip\">Arquitectura Viva n\u00ba244. Ecosistemas.zip: Spain\u2019s Nex Generation Under 35<\/a>\u00a0<\/span><\/p>\n<p>\u00a0<\/p>\n<p><span style=\"font-size: 12pt;\">Piano Piano a <a href=\"https:\/\/valenciad.es\/articulo\/coneixes-a-piano-piano\/\">Val\u00e8ncia D&#8217;<\/a><\/span><\/p>\n<p>\u00a0<\/p>\n<p><span style=\"font-size: 12pt;\">Piano Piano a <span style=\"font-weight: 400;\"><a href=\"https:\/\/www.neo2.com\/jovenes-estudios-de-arquitectura-valencianos\/\">Neo2 n\u00ba174. Bestiarios Dom\u00e9sticos<\/a><\/span><\/span><\/p>\n<h2>\u00a0<\/h2>\n<p><span style=\"font-size: 12pt;\">Casa patio casa patio a<\/span> <a href=\"https:\/\/flatmagazine.es\/reportaje\/un-buen-patio-de-verano\/\">Flat Magazine<\/a>, <a href=\"https:\/\/elpais.com\/eps\/2025-06-29\/como-eliminar-lo-malo-y-potenciar-lo-bueno-de-una-vieja-casa-de-pueblo-en-la-huerta-valenciana.html\">El Pa\u00eds Semanal<\/a>\u00a0<\/p>\n<p>\u00a0<\/p>\n<p><span style=\"font-size: 12pt;\">Casa 3 en 1 a<\/span> <a href=\"https:\/\/revistaplot.com\/casa-3-en-1\/\">Revista Plot<\/a>, <a href=\"https:\/\/flatmagazine.es\/reportaje\/la-casa-3x1-de-piano-piano-en-velluters\/\">Flat Magazine<\/a>\u00a0<\/p>\n<p>\u00a0<\/p>\n<p><span style=\"font-weight: 400; font-size: 12pt;\">La casa del cant\u00f3 a <a href=\"https:\/\/conarquitectura.es\/noticia\/nuevo-numero-revista-conarquitectura-82\/\">Conarquitectura N\u00ba82. Vivienda AC<\/a>, <a href=\"https:\/\/valenciaplaza.com\/el-caso-de-la-casa-del-canto-lhorta-pone-patas-arribas-su-tradicion\">Culturplaza<\/a>, <a href=\"https:\/\/www.designboom.com\/architecture\/family-house-valencia-piano-piano-studio-02-03-2021\/\">Designboom<\/a>, <a href=\"https:\/\/divisare.com\/projects\/436973-piano-piano-studio-milena-villalba-la-casa-del-canto\">Divisare<\/a>, <a href=\"https:\/\/www.archisearch.gr\/architecture\/la-casa-del-canto-pianopiano-studio\/\">Archisearch<\/a>, <a href=\"https:\/\/www.archdaily.cl\/cl\/957630\/la-casa-del-canto-piano-piano-studio?utm_source=offices&amp;utm_medium=email&amp;utm_campaign=just-published\">Plataforma Arquitectura<\/a>, <a href=\"https:\/\/www.elledecor.com\/it\/case\/a35644539\/casa-a-corte-valencia-studio-piano-piano\/\">Elle Decor Italia<\/a><\/span><\/p>\n<p><span style=\"font-size: 12pt;\"><span style=\"font-weight: 400;\"><a href=\"https:\/\/www.archdaily.com\/957636\/canto-house-piano-piano-studio?utm_source=offices&amp;utm_medium=email&amp;utm_campaign=just-published\">Archdaily<\/a>, <\/span><span style=\"font-weight: 400;\"><a href=\"https:\/\/www.metalocus.es\/es\/noticias\/el-patio-como-eje-central-de-la-vivienda-la-casa-del-canto-por-piano-piano-studio\">Metalocus<\/a>, <\/span><span style=\"font-weight: 400;\"><a href=\"https:\/\/living.corriere.it\/case\/minimal\/casa-dei-sogni-con-terrazzo\/\">Living Corriere<\/a>, <\/span><span style=\"font-weight: 400;\"><a href=\"https:\/\/elpais.com\/eps\/2021-05-16\/las-modernas-del-pueblo.html\">El Pa\u00eds Semanal<\/a>, <\/span><span style=\"font-weight: 400;\"><a href=\"https:\/\/arquitecturaviva.com\/obras\/piano-piano-casa-del-canto-foios-valencia\">Arquitectura Viva<\/a>, <a href=\"https:\/\/veredes.es\/blog\/la-casa-del-canto-piano-piano-studio\/\">Veredes<\/a>, <a href=\"https:\/\/archello.com\/project\/la-cas-del-canto\">Archello<\/a>, <a href=\"https:\/\/www.dwell.com\/article\/la-casa-del-canto-piano-piano-studio-74bf7b95\">Dwell<\/a>, Magaceen,<a href=\"http:\/\/www.ondiseno.com\/proyecto.php?id=2963\"> OnDise\u00f1o n\u00ba407. Cer\u00e1mica en la arquitectura\u00a0<\/a><\/span><\/span><\/p>\n<p>\u00a0<\/p>\n<p><span style=\"font-weight: 400; font-size: 12pt;\">El oct\u00f3gono de Pelayo a <a href=\"https:\/\/archello.com\/project\/the-pelayos-octagon\">Archello<\/a>, <a href=\"https:\/\/www.archdaily.com.br\/br\/977112\/apartamento-octogono-de-pelayo-piano-piano-studio?utm_source=photographers&amp;utm_medium=email&amp;utm_campaign=just-published\">Archdaily<\/a>,<a href=\"https:\/\/divisare.com\/projects\/451463-piano-piano-studio-milena-villalba-the-pelayo-s-octagon\"> Divisare<\/a>, <a href=\"https:\/\/flatmagazine.es\/arquitectura\/la-operacion-arriesgada-del-octogono-de-pelayo\/\">Flat Magazine<\/a><\/span><\/p>\n<p>\u00a0<\/p>\n<p><span style=\"font-weight: 400; font-size: 12pt;\">De la Pla\u00e7a al Palau a <a href=\"https:\/\/divisare.com\/projects\/458426-piano-piano-studio-milena-villalba-from-the-square-to-the-palace\">Divisare\u00a0<\/a><\/span><\/p>\n<p>\u00a0<\/p>\n<p><span style=\"font-size: 12pt;\">Les Pinyes del Cabanyal a <a href=\"https:\/\/divisare.com\/projects\/483752-piano-piano-studio-milena-villalba-les-pinyes-del-cabanyal\">Divisare<\/a>, <a href=\"https:\/\/www.archdaily.cl\/cl\/1006752\/intervencion-les-pinyes-del-cabanyal-piano-piano-studio\">Archdaily<\/a>, <a href=\"https:\/\/divisare.com\/projects\/483752-piano-piano-studio-milena-villalba-les-pinyes-del-cabanyal\">Divisare<\/a><\/span><\/p>\n<p>\u00a0<\/p>\n<p><span style=\"font-weight: 400; font-size: 12pt;\">La volteta del Carmen a <a href=\"https:\/\/www.micasarevista.com\/casas\/a43633358\/vivienda-de-estilo-mediterraneo\/\">Micasa<\/a>,<a href=\"https:\/\/divisare.com\/projects\/478817-piano-piano-studio-milena-villalba-la-volteta-del-carmen\"> Divisare<\/a>\u00a0<\/span><\/p>\n<p>\u00a0<\/p>\n<p><span style=\"font-weight: 400; font-size: 12pt;\">Casa de doce pilares a <a href=\"https:\/\/divisare.com\/projects\/469568-piano-piano-studio-milena-villalba-twelve-pillars-house\">Divisare<\/a>, <a href=\"https:\/\/veredes.es\/blog\/casa-de-doce-pilares-piano-piano-studio\/\">Veredes<\/a>,<a href=\"https:\/\/archello.com\/project\/casa-de-doce-pilares\"> Archello<\/a><\/span><\/p>\n<p>\u00a0<\/p>\n<p><span style=\"font-weight: 400; font-size: 12pt;\">Altillo en Sueca a <a href=\"https:\/\/divisare.com\/projects\/440241-piano-piano-studio-milena-villalba-loft-in-sueca\">Divisare<\/a><\/span><\/p>\n<p>\u00a0<\/p>\n<p><span style=\"font-weight: 400; font-size: 12pt;\">Casa de recortes y fragmentos a <a href=\"https:\/\/flatmagazine.es\/arquitectura\/la-casa-de-recortes-y-fragmentos-de-piano-piano\/\">Flat Magazine<\/a>,<a href=\"https:\/\/divisare.com\/projects\/450363-piano-piano-studio-pablo-latorre-casa-de-recortes-y-fragmentos\"> Divisare<\/a><\/span><\/p>\n<p>\u00a0<\/p>\n<p><span style=\"font-size: 12pt;\">Vila Barber\u00e0 a <a href=\"https:\/\/divisare.com\/projects\/420840-piano-piano-studio-milena-villalba-vila-barbera\">Divisare<\/a><\/span><\/p>\n<p>\u00a0<\/p>\n<p><span style=\"font-size: 12pt;\">La casa festejadora a <a href=\"https:\/\/divisare.com\/projects\/460542-piano-piano-studio-milena-villalba-la-casa-festejadora\">Divisare\u00a0<\/a><\/span><\/p>\n<p>\u00a0<\/p>\n<p><span style=\"font-size: 12pt;\">La excusa de tomar el t\u00e9 a<a href=\"https:\/\/singularesmag.com\/la-excusa-de-tomar-el-te\/\"> Singulares Magazine<\/a>, <a href=\"https:\/\/arqa.com\/arquitectura\/la-excusa-de-tomar-el-te.html\">Arqa<\/a>, <a href=\"https:\/\/veredes.es\/blog\/la-excusa-tomar-te-piano-piano-studio\/\">Veredes\u00a0<\/a><\/span><\/p>\n<h2>\u00a0<\/h2>\t\t\t\t\t\t\t\t<\/div>\n\t\t\t\t<\/div>\n\t\t\t\t\t<\/div>\n\t\t<\/div>\n\t\t\t\t\t<\/div>\n\t\t<\/section>\n\t\t\t\t<\/div>\n\t\t","protected":false},"excerpt":{"rendered":"<p>traject\u00f2ria \u00a0 2025 Hem participat en el Comboi al CTAV al mes de febrer. \u2018Directores d\u2019obra\u2019 i posteriorment al Podcast &hellip; <a href=\"https:\/\/pianopiano-studio.com\/val\/arquitectes\/trajectoria\/\">Continued<\/a><\/p>\n","protected":false},"author":1,"featured_media":5111,"parent":289,"menu_order":0,"comment_status":"closed","ping_status":"closed","template":"template-arquitectas.php","meta":{"_acf_changed":false,"footnotes":""},"class_list":["post-5618","page","type-page","status-publish","has-post-thumbnail","hentry"],"acf":[],"yoast_head":"<!-- This site is optimized with the Yoast SEO plugin v27.4 - https:\/\/yoast.com\/product\/yoast-seo-wordpress\/ -->\n<title>Traject\u00f2ria i experi\u00e8ncia arquitect\u00f2nica - Piano Piano Studio<\/title>\n<meta name=\"description\" content=\"Coneix la traject\u00f2ria de les arquitectes que formem Piano Piano, projectes d\u2019arquitectura fets amb cura i delicadesa\" \/>\n<meta name=\"robots\" content=\"index, follow, max-snippet:-1, max-image-preview:large, max-video-preview:-1\" \/>\n<link rel=\"canonical\" href=\"https:\/\/pianopiano-studio.com\/val\/arquitectes\/trajectoria\/\" \/>\n<meta property=\"og:locale\" content=\"en_US\" \/>\n<meta property=\"og:type\" content=\"article\" \/>\n<meta property=\"og:title\" content=\"Traject\u00f2ria i experi\u00e8ncia arquitect\u00f2nica - Piano Piano Studio\" \/>\n<meta property=\"og:description\" content=\"Coneix la traject\u00f2ria de les arquitectes que formem Piano Piano, projectes d\u2019arquitectura fets amb cura i delicadesa\" \/>\n<meta property=\"og:url\" content=\"https:\/\/pianopiano-studio.com\/val\/arquitectes\/trajectoria\/\" \/>\n<meta property=\"og:site_name\" content=\"Pianopiano\" \/>\n<meta property=\"article:modified_time\" content=\"2025-10-31T14:17:19+00:00\" \/>\n<meta property=\"og:image\" content=\"https:\/\/pianopiano-studio.com\/wp-content\/uploads\/fotografia-recorrido-732x586-1.png\" \/>\n\t<meta property=\"og:image:width\" content=\"732\" \/>\n\t<meta property=\"og:image:height\" content=\"586\" \/>\n\t<meta property=\"og:image:type\" content=\"image\/png\" \/>\n<meta name=\"twitter:card\" content=\"summary_large_image\" \/>\n<meta name=\"twitter:label1\" content=\"Est. reading time\" \/>\n\t<meta name=\"twitter:data1\" content=\"3 minutes\" \/>\n<script type=\"application\/ld+json\" class=\"yoast-schema-graph\">{\"@context\":\"https:\\\/\\\/schema.org\",\"@graph\":[{\"@type\":\"WebPage\",\"@id\":\"https:\\\/\\\/pianopiano-studio.com\\\/val\\\/arquitectes\\\/trajectoria\\\/\",\"url\":\"https:\\\/\\\/pianopiano-studio.com\\\/val\\\/arquitectes\\\/trajectoria\\\/\",\"name\":\"Traject\u00f2ria i experi\u00e8ncia arquitect\u00f2nica - Piano Piano Studio\",\"isPartOf\":{\"@id\":\"https:\\\/\\\/pianopiano-studio.com\\\/#website\"},\"primaryImageOfPage\":{\"@id\":\"https:\\\/\\\/pianopiano-studio.com\\\/val\\\/arquitectes\\\/trajectoria\\\/#primaryimage\"},\"image\":{\"@id\":\"https:\\\/\\\/pianopiano-studio.com\\\/val\\\/arquitectes\\\/trajectoria\\\/#primaryimage\"},\"thumbnailUrl\":\"https:\\\/\\\/pianopiano-studio.com\\\/wp-content\\\/uploads\\\/fotografia-recorrido-732x586-1.png\",\"datePublished\":\"2025-06-05T11:43:39+00:00\",\"dateModified\":\"2025-10-31T14:17:19+00:00\",\"description\":\"Coneix la traject\u00f2ria de les arquitectes que formem Piano Piano, projectes d\u2019arquitectura fets amb cura i delicadesa\",\"breadcrumb\":{\"@id\":\"https:\\\/\\\/pianopiano-studio.com\\\/val\\\/arquitectes\\\/trajectoria\\\/#breadcrumb\"},\"inLanguage\":\"ca\",\"potentialAction\":[{\"@type\":\"ReadAction\",\"target\":[\"https:\\\/\\\/pianopiano-studio.com\\\/val\\\/arquitectes\\\/trajectoria\\\/\"]}]},{\"@type\":\"ImageObject\",\"inLanguage\":\"ca\",\"@id\":\"https:\\\/\\\/pianopiano-studio.com\\\/val\\\/arquitectes\\\/trajectoria\\\/#primaryimage\",\"url\":\"https:\\\/\\\/pianopiano-studio.com\\\/wp-content\\\/uploads\\\/fotografia-recorrido-732x586-1.png\",\"contentUrl\":\"https:\\\/\\\/pianopiano-studio.com\\\/wp-content\\\/uploads\\\/fotografia-recorrido-732x586-1.png\",\"width\":732,\"height\":586},{\"@type\":\"BreadcrumbList\",\"@id\":\"https:\\\/\\\/pianopiano-studio.com\\\/val\\\/arquitectes\\\/trajectoria\\\/#breadcrumb\",\"itemListElement\":[{\"@type\":\"ListItem\",\"position\":1,\"name\":\"Home\",\"item\":\"https:\\\/\\\/pianopiano-studio.com\\\/val\\\/\"},{\"@type\":\"ListItem\",\"position\":2,\"name\":\"Arquitectes\",\"item\":\"https:\\\/\\\/pianopiano-studio.com\\\/val\\\/arquitectes\\\/\"},{\"@type\":\"ListItem\",\"position\":3,\"name\":\"Traject\u00f2ria\"}]},{\"@type\":\"WebSite\",\"@id\":\"https:\\\/\\\/pianopiano-studio.com\\\/#website\",\"url\":\"https:\\\/\\\/pianopiano-studio.com\\\/\",\"name\":\"Pianopiano\",\"description\":\"Estudio de arquitectas\",\"potentialAction\":[{\"@type\":\"SearchAction\",\"target\":{\"@type\":\"EntryPoint\",\"urlTemplate\":\"https:\\\/\\\/pianopiano-studio.com\\\/?s={search_term_string}\"},\"query-input\":{\"@type\":\"PropertyValueSpecification\",\"valueRequired\":true,\"valueName\":\"search_term_string\"}}],\"inLanguage\":\"ca\"}]}<\/script>\n<!-- \/ Yoast SEO plugin. -->","yoast_head_json":{"title":"Traject\u00f2ria i experi\u00e8ncia arquitect\u00f2nica - Piano Piano Studio","description":"Coneix la traject\u00f2ria de les arquitectes que formem Piano Piano, projectes d\u2019arquitectura fets amb cura i delicadesa","robots":{"index":"index","follow":"follow","max-snippet":"max-snippet:-1","max-image-preview":"max-image-preview:large","max-video-preview":"max-video-preview:-1"},"canonical":"https:\/\/pianopiano-studio.com\/val\/arquitectes\/trajectoria\/","og_locale":"en_US","og_type":"article","og_title":"Traject\u00f2ria i experi\u00e8ncia arquitect\u00f2nica - Piano Piano Studio","og_description":"Coneix la traject\u00f2ria de les arquitectes que formem Piano Piano, projectes d\u2019arquitectura fets amb cura i delicadesa","og_url":"https:\/\/pianopiano-studio.com\/val\/arquitectes\/trajectoria\/","og_site_name":"Pianopiano","article_modified_time":"2025-10-31T14:17:19+00:00","og_image":[{"width":732,"height":586,"url":"https:\/\/pianopiano-studio.com\/wp-content\/uploads\/fotografia-recorrido-732x586-1.png","type":"image\/png"}],"twitter_card":"summary_large_image","twitter_misc":{"Est. reading time":"3 minutes"},"schema":{"@context":"https:\/\/schema.org","@graph":[{"@type":"WebPage","@id":"https:\/\/pianopiano-studio.com\/val\/arquitectes\/trajectoria\/","url":"https:\/\/pianopiano-studio.com\/val\/arquitectes\/trajectoria\/","name":"Traject\u00f2ria i experi\u00e8ncia arquitect\u00f2nica - Piano Piano Studio","isPartOf":{"@id":"https:\/\/pianopiano-studio.com\/#website"},"primaryImageOfPage":{"@id":"https:\/\/pianopiano-studio.com\/val\/arquitectes\/trajectoria\/#primaryimage"},"image":{"@id":"https:\/\/pianopiano-studio.com\/val\/arquitectes\/trajectoria\/#primaryimage"},"thumbnailUrl":"https:\/\/pianopiano-studio.com\/wp-content\/uploads\/fotografia-recorrido-732x586-1.png","datePublished":"2025-06-05T11:43:39+00:00","dateModified":"2025-10-31T14:17:19+00:00","description":"Coneix la traject\u00f2ria de les arquitectes que formem Piano Piano, projectes d\u2019arquitectura fets amb cura i delicadesa","breadcrumb":{"@id":"https:\/\/pianopiano-studio.com\/val\/arquitectes\/trajectoria\/#breadcrumb"},"inLanguage":"ca","potentialAction":[{"@type":"ReadAction","target":["https:\/\/pianopiano-studio.com\/val\/arquitectes\/trajectoria\/"]}]},{"@type":"ImageObject","inLanguage":"ca","@id":"https:\/\/pianopiano-studio.com\/val\/arquitectes\/trajectoria\/#primaryimage","url":"https:\/\/pianopiano-studio.com\/wp-content\/uploads\/fotografia-recorrido-732x586-1.png","contentUrl":"https:\/\/pianopiano-studio.com\/wp-content\/uploads\/fotografia-recorrido-732x586-1.png","width":732,"height":586},{"@type":"BreadcrumbList","@id":"https:\/\/pianopiano-studio.com\/val\/arquitectes\/trajectoria\/#breadcrumb","itemListElement":[{"@type":"ListItem","position":1,"name":"Home","item":"https:\/\/pianopiano-studio.com\/val\/"},{"@type":"ListItem","position":2,"name":"Arquitectes","item":"https:\/\/pianopiano-studio.com\/val\/arquitectes\/"},{"@type":"ListItem","position":3,"name":"Traject\u00f2ria"}]},{"@type":"WebSite","@id":"https:\/\/pianopiano-studio.com\/#website","url":"https:\/\/pianopiano-studio.com\/","name":"Pianopiano","description":"Estudio de arquitectas","potentialAction":[{"@type":"SearchAction","target":{"@type":"EntryPoint","urlTemplate":"https:\/\/pianopiano-studio.com\/?s={search_term_string}"},"query-input":{"@type":"PropertyValueSpecification","valueRequired":true,"valueName":"search_term_string"}}],"inLanguage":"ca"}]}},"_links":{"self":[{"href":"https:\/\/pianopiano-studio.com\/val\/wp-json\/wp\/v2\/pages\/5618","targetHints":{"allow":["GET"]}}],"collection":[{"href":"https:\/\/pianopiano-studio.com\/val\/wp-json\/wp\/v2\/pages"}],"about":[{"href":"https:\/\/pianopiano-studio.com\/val\/wp-json\/wp\/v2\/types\/page"}],"author":[{"embeddable":true,"href":"https:\/\/pianopiano-studio.com\/val\/wp-json\/wp\/v2\/users\/1"}],"replies":[{"embeddable":true,"href":"https:\/\/pianopiano-studio.com\/val\/wp-json\/wp\/v2\/comments?post=5618"}],"version-history":[{"count":4,"href":"https:\/\/pianopiano-studio.com\/val\/wp-json\/wp\/v2\/pages\/5618\/revisions"}],"predecessor-version":[{"id":5631,"href":"https:\/\/pianopiano-studio.com\/val\/wp-json\/wp\/v2\/pages\/5618\/revisions\/5631"}],"up":[{"embeddable":true,"href":"https:\/\/pianopiano-studio.com\/val\/wp-json\/wp\/v2\/pages\/289"}],"wp:featuredmedia":[{"embeddable":true,"href":"https:\/\/pianopiano-studio.com\/val\/wp-json\/wp\/v2\/media\/5111"}],"wp:attachment":[{"href":"https:\/\/pianopiano-studio.com\/val\/wp-json\/wp\/v2\/media?parent=5618"}],"curies":[{"name":"wp","href":"https:\/\/api.w.org\/{rel}","templated":true}]}}